{"id":104,"date":"2025-01-08T21:45:08","date_gmt":"2025-01-08T20:45:08","guid":{"rendered":"https:\/\/ajwgothenburg.com\/?page_id=104"},"modified":"2025-02-13T23:17:17","modified_gmt":"2025-02-13T22:17:17","slug":"swing-dj","status":"publish","type":"page","link":"https:\/\/ajwgothenburg.com\/index.php\/swing-dj\/","title":{"rendered":"Swing DJs &amp; House DJ"},"content":{"rendered":"\n<div class=\"wp-block-group alignfull has-accent-background-color has-background has-global-padding is-layout-constrained wp-container-core-group-is-layout-669513ed wp-block-group-is-layout-constrained\" style=\"margin-top:0;margin-bottom:0;padding-top:var(--wp--preset--spacing--50);padding-right:var(--wp--preset--spacing--50);padding-bottom:var(--wp--preset--spacing--50);padding-left:var(--wp--preset--spacing--50)\">\n<div class=\"wp-block-columns alignwide is-layout-flex wp-container-core-columns-is-layout-1da03c2a wp-block-columns-is-layout-flex\">\n<div class=\"wp-block-column is-layout-flow wp-block-column-is-layout-flow\" style=\"flex-basis:50%\">\n<figure class=\"wp-block-image size-large is-resized is-style-rounded is-style-rounded--1\"><img loading=\"lazy\" decoding=\"async\" width=\"1024\" height=\"771\" src=\"https:\/\/ajwgothenburg.com\/wp-content\/uploads\/2025\/01\/IMG_20231022_144234-1024x771.jpg\" alt=\"\" class=\"wp-image-121\" style=\"aspect-ratio:0.75;object-fit:cover;width:387px;height:auto\" srcset=\"https:\/\/ajwgothenburg.com\/wp-content\/uploads\/2025\/01\/IMG_20231022_144234-1024x771.jpg 1024w, https:\/\/ajwgothenburg.com\/wp-content\/uploads\/2025\/01\/IMG_20231022_144234-300x226.jpg 300w, https:\/\/ajwgothenburg.com\/wp-content\/uploads\/2025\/01\/IMG_20231022_144234-768x578.jpg 768w, https:\/\/ajwgothenburg.com\/wp-content\/uploads\/2025\/01\/IMG_20231022_144234-1536x1157.jpg 1536w, https:\/\/ajwgothenburg.com\/wp-content\/uploads\/2025\/01\/IMG_20231022_144234-2048x1542.jpg 2048w\" sizes=\"auto, (max-width: 1024px) 100vw, 1024px\" \/><\/figure>\n<\/div>\n\n\n\n<div class=\"wp-block-column is-vertically-aligned-stretch is-layout-flow wp-block-column-is-layout-flow\" style=\"flex-basis:50%\">\n<div class=\"wp-block-group is-vertical is-content-justification-stretch is-layout-flex wp-container-core-group-is-layout-444d5ee8 wp-block-group-is-layout-flex\" style=\"min-height:100%\">\n<div class=\"wp-block-group is-vertical is-content-justification-left is-nowrap is-layout-flex wp-container-core-group-is-layout-b9305f23 wp-block-group-is-layout-flex\">\n<h2 class=\"wp-block-heading\">Swing DJ Mokhtar Mapar<\/h2>\n\n\n\n<p><\/p>\n\n\n\n<p class=\"has-heading-font-family has-medium-font-size\" style=\"line-height:1.2\">Mokhtar has been spreading joy through music since 2019!<\/p>\n\n\n\n<p class=\"has-heading-font-family has-medium-font-size\" style=\"line-height:1.2\">He has filled the dance floors in Gothenburg, Lund, Malm\u00f6, Copenhagen, and most recently, Amsterdam with his infectious beats for Lindy Hop and Balboa social dances, events, and festivals. <\/p>\n\n\n\n<p class=\"has-heading-font-family has-medium-font-size\" style=\"line-height:1.2\">Over the past three years, he has been a guest DJ at Herr\u00e4ng Dance Camp, spinning vibrant tunes that kept everyone dancing for nine unforgettable nights in 2024 alone!<\/p>\n\n\n\n<p class=\"has-heading-font-family has-medium-font-size\" style=\"line-height:1.2\"><\/p>\n<\/div>\n<\/div>\n<\/div>\n<\/div>\n<\/div>\n\n\n\n<div class=\"wp-block-group alignfull has-accent-background-color has-background has-global-padding is-layout-constrained wp-container-core-group-is-layout-669513ed wp-block-group-is-layout-constrained\" style=\"margin-top:0;margin-bottom:0;padding-top:var(--wp--preset--spacing--50);padding-right:var(--wp--preset--spacing--50);padding-bottom:var(--wp--preset--spacing--50);padding-left:var(--wp--preset--spacing--50)\">\n<div class=\"wp-block-columns alignwide is-layout-flex wp-container-core-columns-is-layout-1da03c2a wp-block-columns-is-layout-flex\">\n<div class=\"wp-block-column is-layout-flow wp-block-column-is-layout-flow\" style=\"flex-basis:50%\">\n<figure class=\"wp-block-image size-full is-resized is-style-rounded is-style-rounded--2\"><img loading=\"lazy\" decoding=\"async\" width=\"840\" height=\"655\" src=\"https:\/\/ajwgothenburg.com\/wp-content\/uploads\/2025\/01\/472047871_2751473515058475_6439802491892506043_n-edited.jpg\" alt=\"\" class=\"wp-image-147\" style=\"aspect-ratio:0.75;object-fit:cover;width:409px;height:auto\" srcset=\"https:\/\/ajwgothenburg.com\/wp-content\/uploads\/2025\/01\/472047871_2751473515058475_6439802491892506043_n-edited.jpg 840w, https:\/\/ajwgothenburg.com\/wp-content\/uploads\/2025\/01\/472047871_2751473515058475_6439802491892506043_n-edited-300x234.jpg 300w, https:\/\/ajwgothenburg.com\/wp-content\/uploads\/2025\/01\/472047871_2751473515058475_6439802491892506043_n-edited-768x599.jpg 768w\" sizes=\"auto, (max-width: 840px) 100vw, 840px\" \/><\/figure>\n<\/div>\n\n\n\n<div class=\"wp-block-column is-vertically-aligned-stretch is-layout-flow wp-block-column-is-layout-flow\" style=\"flex-basis:50%\">\n<div class=\"wp-block-group is-vertical is-content-justification-stretch is-layout-flex wp-container-core-group-is-layout-444d5ee8 wp-block-group-is-layout-flex\" style=\"min-height:100%\">\n<div class=\"wp-block-group is-vertical is-content-justification-left is-nowrap is-layout-flex wp-container-core-group-is-layout-b9305f23 wp-block-group-is-layout-flex\">\n<h2 class=\"wp-block-heading\">Swing DJ Kuri\u00c5sa<\/h2>\n\n\n\n<p><\/p>\n\n\n\n<p class=\"has-heading-font-family has-medium-font-size\" style=\"line-height:1.2\">Introducing the rhythmic sensation from Gothenburg, Sweden &#8211; \u00c5sa Karlsson, affectionately known as Kuri\u00c5sa. With 15 years of DJing experience, \u00c5sa&#8217;s style embodies the swing era, and this is reflected in the music she plays!<\/p>\n\n\n\n<p class=\"has-heading-font-family has-medium-font-size\" style=\"line-height:1.2\">Hailing from the vibrant dance scene of Gothenburg, \u00c5sa found her calling behind the turntables in 2008. Since then, she has been spinning tunes that keep dancers on their toes, creating enchanting musical experiences at renowned events like Herr\u00e4ng Dance Camp, Swingin&#8217; Spring, and Winterjump.<\/p>\n\n\n\n<p class=\"has-heading-font-family has-medium-font-size\" style=\"line-height:1.2\">As the name implies, Kuri\u00c5sa (pronounced Curiosa) likes to spice up her sets to keep us absorbed. She promises to take us on a musical journey that transcends borders and brings people together on the dance floor. Get ready to move to the beats of \u00c5sa Karlsson and the musical adventure she&#8217;ll take you on.<\/p>\n\n\n\n<p class=\"has-heading-font-family has-medium-font-size\" style=\"line-height:1.2\"><\/p>\n<\/div>\n<\/div>\n<\/div>\n<\/div>\n<\/div>\n\n\n\n<div class=\"wp-block-group alignfull has-accent-background-color has-background has-global-padding is-layout-constrained wp-container-core-group-is-layout-669513ed wp-block-group-is-layout-constrained\" style=\"margin-top:0;margin-bottom:0;padding-top:var(--wp--preset--spacing--50);padding-right:var(--wp--preset--spacing--50);padding-bottom:var(--wp--preset--spacing--50);padding-left:var(--wp--preset--spacing--50)\">\n<div class=\"wp-block-columns alignwide is-layout-flex wp-container-core-columns-is-layout-1da03c2a wp-block-columns-is-layout-flex\">\n<div class=\"wp-block-column is-layout-flow wp-block-column-is-layout-flow\" style=\"flex-basis:50%\">\n<figure class=\"wp-block-image size-full is-resized is-style-rounded is-style-rounded--3\"><img loading=\"lazy\" decoding=\"async\" width=\"768\" height=\"1024\" src=\"https:\/\/ajwgothenburg.com\/wp-content\/uploads\/2025\/01\/3250476e-81ea-4428-9fa9-d0134ed306ec.jpeg\" alt=\"\" class=\"wp-image-149\" style=\"aspect-ratio:0.75;object-fit:cover;width:409px;height:auto\" srcset=\"https:\/\/ajwgothenburg.com\/wp-content\/uploads\/2025\/01\/3250476e-81ea-4428-9fa9-d0134ed306ec.jpeg 768w, https:\/\/ajwgothenburg.com\/wp-content\/uploads\/2025\/01\/3250476e-81ea-4428-9fa9-d0134ed306ec-225x300.jpeg 225w\" sizes=\"auto, (max-width: 768px) 100vw, 768px\" \/><\/figure>\n<\/div>\n\n\n\n<div class=\"wp-block-column is-vertically-aligned-stretch is-layout-flow wp-block-column-is-layout-flow\" style=\"flex-basis:50%\">\n<div class=\"wp-block-group is-vertical is-content-justification-stretch is-layout-flex wp-container-core-group-is-layout-444d5ee8 wp-block-group-is-layout-flex\" style=\"min-height:100%\">\n<div class=\"wp-block-group is-vertical is-content-justification-left is-nowrap is-layout-flex wp-container-core-group-is-layout-b9305f23 wp-block-group-is-layout-flex\">\n<h2 class=\"wp-block-heading\">Swing DJ Susanna<\/h2>\n\n\n\n<p><\/p>\n\n\n\n<p class=\"has-heading-font-family has-medium-font-size\" style=\"line-height:1.2\">Susanna embarked on her DJing journey in Budapest. Since then, she has become a beloved figure in the Gothenburg scene, bringing her infectious energy to fantastic events like Herr\u00e4ng, Swingin Spring, and Winter Jump.<\/p>\n\n\n\n<p class=\"has-heading-font-family has-medium-font-size\" style=\"line-height:1.2\">Susanna loves the sound and groove of the Big Band era and is looking forward to giving you tunes with some really heavy riffs to swing out to!<\/p>\n<\/div>\n<\/div>\n<\/div>\n<\/div>\n<\/div>\n\n\n\n<div class=\"wp-block-group alignfull has-accent-background-color has-background has-global-padding is-layout-constrained wp-container-core-group-is-layout-669513ed wp-block-group-is-layout-constrained\" style=\"margin-top:0;margin-bottom:0;padding-top:var(--wp--preset--spacing--50);padding-right:var(--wp--preset--spacing--50);padding-bottom:var(--wp--preset--spacing--50);padding-left:var(--wp--preset--spacing--50)\">\n<div class=\"wp-block-columns alignwide is-layout-flex wp-container-core-columns-is-layout-1da03c2a wp-block-columns-is-layout-flex\">\n<div class=\"wp-block-column is-layout-flow wp-block-column-is-layout-flow\" style=\"flex-basis:50%\">\n<figure class=\"wp-block-image size-full is-resized is-style-rounded is-style-rounded--4\"><img loading=\"lazy\" decoding=\"async\" width=\"2048\" height=\"1536\" src=\"https:\/\/ajwgothenburg.com\/wp-content\/uploads\/2025\/01\/Isac.jpeg\" alt=\"\" class=\"wp-image-182\" style=\"aspect-ratio:0.75;object-fit:cover;width:409px;height:auto\" srcset=\"https:\/\/ajwgothenburg.com\/wp-content\/uploads\/2025\/01\/Isac.jpeg 2048w, https:\/\/ajwgothenburg.com\/wp-content\/uploads\/2025\/01\/Isac-300x225.jpeg 300w, https:\/\/ajwgothenburg.com\/wp-content\/uploads\/2025\/01\/Isac-1024x768.jpeg 1024w, https:\/\/ajwgothenburg.com\/wp-content\/uploads\/2025\/01\/Isac-768x576.jpeg 768w, https:\/\/ajwgothenburg.com\/wp-content\/uploads\/2025\/01\/Isac-1536x1152.jpeg 1536w\" sizes=\"auto, (max-width: 2048px) 100vw, 2048px\" \/><\/figure>\n<\/div>\n\n\n\n<div class=\"wp-block-column is-vertically-aligned-stretch is-layout-flow wp-block-column-is-layout-flow\" style=\"flex-basis:50%\">\n<div class=\"wp-block-group is-vertical is-content-justification-stretch is-layout-flex wp-container-core-group-is-layout-444d5ee8 wp-block-group-is-layout-flex\" style=\"min-height:100%\">\n<div class=\"wp-block-group is-vertical is-content-justification-left is-nowrap is-layout-flex wp-container-core-group-is-layout-b9305f23 wp-block-group-is-layout-flex\">\n<h2 class=\"wp-block-heading\">Swing DJ Isac Bergenwall<\/h2>\n\n\n\n<p><\/p>\n\n\n\n<p class=\"has-heading-font-family has-medium-font-size\" style=\"line-height:1.2\">Introducing the rhythmic sensation from Gothenburg, Sweden &#8211; \u00c5sa Karlsson, affectionately known as Kuri\u00c5sa. With 15 years of DJing experience, \u00c5sa&#8217;s style embodies the swing era, and this is reflected in the music she plays!<\/p>\n\n\n\n<p class=\"has-heading-font-family has-medium-font-size\" style=\"line-height:1.2\">Hailing from the vibrant dance scene of Gothenburg, \u00c5sa found her calling behind the turntables in 2008. Since then, she has been spinning tunes that keep dancers on their toes, creating enchanting musical experiences at renowned events like Herr\u00e4ng Dance Camp, Swingin&#8217; Spring, and Winterjump.<\/p>\n\n\n\n<p class=\"has-heading-font-family has-medium-font-size\" style=\"line-height:1.2\">Isac has always been eager to find new music to dance to, listen to, sing along to. Discovering Lindy Hop in 2011 a new world of swing jazz tunes opened up to him. A few years later he tried out DJing &#8211; and got hooked.<\/p>\n\n\n\n<p class=\"has-heading-font-family has-medium-font-size\" style=\"line-height:1.2\">Isac has a love for classic swing musicians like Fats Waller, Erroll Garner and Illinois Jacquet and often play songs which accentuate some kind of playfulness in instruments such as the piano, saxophone or trumpet. Mostly DJing tunes from the 30\u2019s, 40\u2019s and 50\u2019s and always looking for new ways to keep the dancers interested in finding the groove in the music.<\/p>\n\n\n\n<p class=\"has-heading-font-family has-medium-font-size\" style=\"line-height:1.2\">DJing regularly at West Coast Jitterbugs since 2022 he also is interested in learning more about the musicians that shaped the music that we all love to dance to. Isac started out DJing for Swingkatten in Uppsala and since he moved to Gothenburg he has played at regular social dances as well as big events such as Julfesten, Duke\u2019s Place and Gothenburg Queer Lindy Festival.<\/p>\n\n\n\n<p class=\"has-heading-font-family has-medium-font-size\" style=\"line-height:1.2\"><\/p>\n<\/div>\n<\/div>\n<\/div>\n<\/div>\n<\/div>\n\n\n\n<div class=\"wp-block-group alignfull has-accent-background-color has-background has-global-padding is-layout-constrained wp-container-core-group-is-layout-669513ed wp-block-group-is-layout-constrained\" style=\"margin-top:0;margin-bottom:0;padding-top:var(--wp--preset--spacing--50);padding-right:var(--wp--preset--spacing--50);padding-bottom:var(--wp--preset--spacing--50);padding-left:var(--wp--preset--spacing--50)\">\n<div class=\"wp-block-columns alignwide is-layout-flex wp-container-core-columns-is-layout-1da03c2a wp-block-columns-is-layout-flex\">\n<div class=\"wp-block-column is-layout-flow wp-block-column-is-layout-flow\" style=\"flex-basis:50%\">\n<figure class=\"wp-block-image size-full is-resized is-style-rounded is-style-rounded--5\"><img loading=\"lazy\" decoding=\"async\" width=\"1170\" height=\"1464\" src=\"https:\/\/ajwgothenburg.com\/wp-content\/uploads\/2025\/02\/House-DJ.jpeg\" alt=\"\" class=\"wp-image-260\" style=\"aspect-ratio:0.75;object-fit:cover;width:409px;height:auto\" srcset=\"https:\/\/ajwgothenburg.com\/wp-content\/uploads\/2025\/02\/House-DJ.jpeg 1170w, https:\/\/ajwgothenburg.com\/wp-content\/uploads\/2025\/02\/House-DJ-240x300.jpeg 240w, https:\/\/ajwgothenburg.com\/wp-content\/uploads\/2025\/02\/House-DJ-818x1024.jpeg 818w, https:\/\/ajwgothenburg.com\/wp-content\/uploads\/2025\/02\/House-DJ-768x961.jpeg 768w\" sizes=\"auto, (max-width: 1170px) 100vw, 1170px\" \/><\/figure>\n<\/div>\n\n\n\n<div class=\"wp-block-column is-vertically-aligned-stretch is-layout-flow wp-block-column-is-layout-flow\" style=\"flex-basis:50%\">\n<div class=\"wp-block-group is-vertical is-content-justification-stretch is-layout-flex wp-container-core-group-is-layout-444d5ee8 wp-block-group-is-layout-flex\" style=\"min-height:100%\">\n<div class=\"wp-block-group is-vertical is-content-justification-left is-nowrap is-layout-flex wp-container-core-group-is-layout-b9305f23 wp-block-group-is-layout-flex\">\n<h2 class=\"wp-block-heading\">House DJ Sofie <\/h2>\n\n\n\n<p><\/p>\n\n\n\n<p class=\"has-heading-font-family has-medium-font-size\" style=\"line-height:1.2\">Sofie is a house dancer and one of the initiators of the association Varning f\u00f6r dans. She will offer a DJ set with some of her favorites with a focus on deep and tech house.<\/p>\n\n\n\n<p class=\"has-heading-font-family has-medium-font-size\" style=\"line-height:1.2\"><\/p>\n<\/div>\n<\/div>\n<\/div>\n<\/div>\n<\/div>\n","protected":false},"excerpt":{"rendered":"<p>Swing DJ Mokhtar Mapar Mokhtar has been spreading joy through music since 2019! He has filled the dance floors in Gothenburg, Lund, Malm\u00f6, Copenhagen, and most recently, Amsterdam with his infectious beats for Lindy Hop and Balboa social dances, events, and festivals. Over the past three years, he has been a guest DJ at Herr\u00e4ng [&hellip;]<\/p>\n","protected":false},"author":2,"featured_media":0,"parent":0,"menu_order":0,"comment_status":"closed","ping_status":"closed","template":"","meta":{"footnotes":""},"class_list":["post-104","page","type-page","status-publish","hentry"],"_links":{"self":[{"href":"https:\/\/ajwgothenburg.com\/index.php\/wp-json\/wp\/v2\/pages\/104","targetHints":{"allow":["GET"]}}],"collection":[{"href":"https:\/\/ajwgothenburg.com\/index.php\/wp-json\/wp\/v2\/pages"}],"about":[{"href":"https:\/\/ajwgothenburg.com\/index.php\/wp-json\/wp\/v2\/types\/page"}],"author":[{"embeddable":true,"href":"https:\/\/ajwgothenburg.com\/index.php\/wp-json\/wp\/v2\/users\/2"}],"replies":[{"embeddable":true,"href":"https:\/\/ajwgothenburg.com\/index.php\/wp-json\/wp\/v2\/comments?post=104"}],"version-history":[{"count":8,"href":"https:\/\/ajwgothenburg.com\/index.php\/wp-json\/wp\/v2\/pages\/104\/revisions"}],"predecessor-version":[{"id":265,"href":"https:\/\/ajwgothenburg.com\/index.php\/wp-json\/wp\/v2\/pages\/104\/revisions\/265"}],"wp:attachment":[{"href":"https:\/\/ajwgothenburg.com\/index.php\/wp-json\/wp\/v2\/media?parent=104"}],"curies":[{"name":"wp","href":"https:\/\/api.w.org\/{rel}","templated":true}]}}