{"id":110,"date":"2025-01-08T21:48:15","date_gmt":"2025-01-08T20:48:15","guid":{"rendered":"https:\/\/ajwgothenburg.com\/?page_id=110"},"modified":"2025-01-08T21:51:39","modified_gmt":"2025-01-08T20:51:39","slug":"the-band","status":"publish","type":"page","link":"https:\/\/ajwgothenburg.com\/index.php\/the-band\/","title":{"rendered":"The Band"},"content":{"rendered":"\n<div class=\"wp-block-group alignfull has-accent-background-color has-background has-global-padding is-layout-constrained wp-container-core-group-is-layout-669513ed wp-block-group-is-layout-constrained\" style=\"margin-top:0;margin-bottom:0;padding-top:var(--wp--preset--spacing--50);padding-right:var(--wp--preset--spacing--50);padding-bottom:var(--wp--preset--spacing--50);padding-left:var(--wp--preset--spacing--50)\">\n<div class=\"wp-block-columns alignwide is-layout-flex wp-container-core-columns-is-layout-1da03c2a wp-block-columns-is-layout-flex\">\n<div class=\"wp-block-column is-layout-flow wp-block-column-is-layout-flow\" style=\"flex-basis:50%\">\n<figure class=\"wp-block-image size-large is-style-rounded is-style-rounded--1\"><img loading=\"lazy\" decoding=\"async\" width=\"1003\" height=\"1024\" src=\"https:\/\/ajwgothenburg.com\/wp-content\/uploads\/2024\/11\/Ada-pic-1-Ada-and-her-Swinging-Jazzhoppers-at-AJW2024-1003x1024.jpg\" alt=\"\" class=\"wp-image-55\" style=\"aspect-ratio:3\/4;object-fit:cover\" srcset=\"https:\/\/ajwgothenburg.com\/wp-content\/uploads\/2024\/11\/Ada-pic-1-Ada-and-her-Swinging-Jazzhoppers-at-AJW2024-1003x1024.jpg 1003w, https:\/\/ajwgothenburg.com\/wp-content\/uploads\/2024\/11\/Ada-pic-1-Ada-and-her-Swinging-Jazzhoppers-at-AJW2024-294x300.jpg 294w, https:\/\/ajwgothenburg.com\/wp-content\/uploads\/2024\/11\/Ada-pic-1-Ada-and-her-Swinging-Jazzhoppers-at-AJW2024-768x784.jpg 768w, https:\/\/ajwgothenburg.com\/wp-content\/uploads\/2024\/11\/Ada-pic-1-Ada-and-her-Swinging-Jazzhoppers-at-AJW2024.jpg 1017w\" sizes=\"auto, (max-width: 1003px) 100vw, 1003px\" \/><\/figure>\n<\/div>\n\n\n\n<div class=\"wp-block-column is-vertically-aligned-stretch is-layout-flow wp-block-column-is-layout-flow\" style=\"flex-basis:50%\">\n<div class=\"wp-block-group is-vertical is-content-justification-stretch is-layout-flex wp-container-core-group-is-layout-444d5ee8 wp-block-group-is-layout-flex\" style=\"min-height:100%\">\n<div class=\"wp-block-group is-vertical is-content-justification-left is-nowrap is-layout-flex wp-container-core-group-is-layout-b9305f23 wp-block-group-is-layout-flex\">\n<h2 class=\"wp-block-heading\">Ada and her Swinging Jazzhoppers <\/h2>\n\n\n\n<p><\/p>\n\n\n\n<p class=\"has-heading-font-family has-medium-font-size\" style=\"line-height:1.2\">If you\u2019ve been lucky enough to experience this band before you know they are some of the swingiest swingers in Oslo, Norway. With the goal to make your legs move, your body groove and your night improve they\u2019ll perform the good swing classics and some hidden pearls.<\/p>\n\n\n\n<p class=\"has-heading-font-family has-medium-font-size\" style=\"line-height:1.2\">The band have performed together since 2019, and playing for dancers is their favorite thing. As a swing DJ Ada\u2019s always on the hunt for new song treasures, and they\u2019ll bring some new tunes hand picked especially for this occasion.<\/p>\n\n\n\n<p class=\"has-heading-font-family has-medium-font-size\" style=\"line-height:1.2\">Ada and her Swinging Jazzhoppers consists of some of Oslo\u2019s finest jazz musicians, with Zakarias Meyer \u00d8verli on sax, Ola L\u00f8mo Ellingsen on trumpet, H\u00e5kon Svendsen Endal on piano, \u00d8ystein Aarnes Vik on drums and Ada Mathea Hoel on vocals and upright bass. Join these hepcats and dance the night away!<\/p>\n<\/div>\n<\/div>\n<\/div>\n<\/div>\n<\/div>\n","protected":false},"excerpt":{"rendered":"<p>Ada and her Swinging Jazzhoppers If you\u2019ve been lucky enough to experience this band before you know they are some of the swingiest swingers in Oslo, Norway. With the goal to make your legs move, your body groove and your night improve they\u2019ll perform the good swing classics and some hidden pearls. The band have [&hellip;]<\/p>\n","protected":false},"author":2,"featured_media":0,"parent":0,"menu_order":0,"comment_status":"closed","ping_status":"closed","template":"","meta":{"footnotes":""},"class_list":["post-110","page","type-page","status-publish","hentry"],"_links":{"self":[{"href":"https:\/\/ajwgothenburg.com\/index.php\/wp-json\/wp\/v2\/pages\/110","targetHints":{"allow":["GET"]}}],"collection":[{"href":"https:\/\/ajwgothenburg.com\/index.php\/wp-json\/wp\/v2\/pages"}],"about":[{"href":"https:\/\/ajwgothenburg.com\/index.php\/wp-json\/wp\/v2\/types\/page"}],"author":[{"embeddable":true,"href":"https:\/\/ajwgothenburg.com\/index.php\/wp-json\/wp\/v2\/users\/2"}],"replies":[{"embeddable":true,"href":"https:\/\/ajwgothenburg.com\/index.php\/wp-json\/wp\/v2\/comments?post=110"}],"version-history":[{"count":4,"href":"https:\/\/ajwgothenburg.com\/index.php\/wp-json\/wp\/v2\/pages\/110\/revisions"}],"predecessor-version":[{"id":120,"href":"https:\/\/ajwgothenburg.com\/index.php\/wp-json\/wp\/v2\/pages\/110\/revisions\/120"}],"wp:attachment":[{"href":"https:\/\/ajwgothenburg.com\/index.php\/wp-json\/wp\/v2\/media?parent=110"}],"curies":[{"name":"wp","href":"https:\/\/api.w.org\/{rel}","templated":true}]}}